{"id":4729,"date":"2024-10-19T13:23:08","date_gmt":"2024-10-19T13:23:08","guid":{"rendered":"https:\/\/argjendariadardani.com\/?post_type=product&#038;p=4729"},"modified":"2024-10-19T13:23:08","modified_gmt":"2024-10-19T13:23:08","slug":"unaze-ari-74","status":"publish","type":"product","link":"https:\/\/argjendariadardani.com\/index.php\/product\/unaze-ari-74\/","title":{"rendered":"UNAZ\u00cb ARI"},"content":{"rendered":"<p>Ari 14 Karat 585<br \/>\nMas\u00ebn e unaz\u00ebs dhe gravimin e sh\u00ebnoni n\u00eb koment para se t\u00eb p\u00ebrfundoni porosin.<\/p>\n","protected":false},"excerpt":{"rendered":"<p>Ari 14 Karat 585 Mas\u00ebn e unaz\u00ebs dhe gravimin e sh\u00ebnoni n\u00eb koment para se t\u00eb p\u00ebrfundoni porosin.<\/p>\n","protected":false},"featured_media":4664,"template":"","meta":[],"product_cat":[87,70,28,74],"product_tag":[],"_links":{"self":[{"href":"https:\/\/argjendariadardani.com\/index.php\/wp-json\/wp\/v2\/product\/4729"}],"collection":[{"href":"https:\/\/argjendariadardani.com\/index.php\/wp-json\/wp\/v2\/product"}],"about":[{"href":"https:\/\/argjendariadardani.com\/index.php\/wp-json\/wp\/v2\/types\/product"}],"version-history":[{"count":1,"href":"https:\/\/argjendariadardani.com\/index.php\/wp-json\/wp\/v2\/product\/4729\/revisions"}],"predecessor-version":[{"id":4730,"href":"https:\/\/argjendariadardani.com\/index.php\/wp-json\/wp\/v2\/product\/4729\/revisions\/4730"}],"wp:featuredmedia":[{"embeddable":true,"href":"https:\/\/argjendariadardani.com\/index.php\/wp-json\/wp\/v2\/media\/4664"}],"wp:attachment":[{"href":"https:\/\/argjendariadardani.com\/index.php\/wp-json\/wp\/v2\/media?parent=4729"}],"wp:term":[{"taxonomy":"product_cat","embeddable":true,"href":"https:\/\/argjendariadardani.com\/index.php\/wp-json\/wp\/v2\/product_cat?post=4729"},{"taxonomy":"product_tag","embeddable":true,"href":"https:\/\/argjendariadardani.com\/index.php\/wp-json\/wp\/v2\/product_tag?post=4729"}],"curies":[{"name":"wp","href":"https:\/\/api.w.org\/{rel}","templated":true}]}}