{"id":4641,"date":"2024-10-16T15:41:58","date_gmt":"2024-10-16T15:41:58","guid":{"rendered":"https:\/\/argjendariadardani.com\/?post_type=product&#038;p=4641"},"modified":"2024-10-16T15:43:35","modified_gmt":"2024-10-16T15:43:35","slug":"qafore-argjendi-4","status":"publish","type":"product","link":"https:\/\/argjendariadardani.com\/index.php\/product\/qafore-argjendi-4\/","title":{"rendered":"QAFORE ARGJENDI"},"content":{"rendered":"<p>Produkti \u00ebshte Argjend 925 i flakruar n\u00eb Ari 18 karat dhe ka garancion 1 vje\u00e7ar p\u00ebr ngjyr\u00eb<\/p>\n","protected":false},"excerpt":{"rendered":"<p>Produkti \u00ebshte Argjend 925 i flakruar n\u00eb Ari 18 karat dhe ka garancion 1 vje\u00e7ar p\u00ebr ngjyr\u00eb<\/p>\n","protected":false},"featured_media":4591,"template":"","meta":[],"product_cat":[88,89,32,93],"product_tag":[],"_links":{"self":[{"href":"https:\/\/argjendariadardani.com\/index.php\/wp-json\/wp\/v2\/product\/4641"}],"collection":[{"href":"https:\/\/argjendariadardani.com\/index.php\/wp-json\/wp\/v2\/product"}],"about":[{"href":"https:\/\/argjendariadardani.com\/index.php\/wp-json\/wp\/v2\/types\/product"}],"version-history":[{"count":1,"href":"https:\/\/argjendariadardani.com\/index.php\/wp-json\/wp\/v2\/product\/4641\/revisions"}],"predecessor-version":[{"id":4642,"href":"https:\/\/argjendariadardani.com\/index.php\/wp-json\/wp\/v2\/product\/4641\/revisions\/4642"}],"wp:featuredmedia":[{"embeddable":true,"href":"https:\/\/argjendariadardani.com\/index.php\/wp-json\/wp\/v2\/media\/4591"}],"wp:attachment":[{"href":"https:\/\/argjendariadardani.com\/index.php\/wp-json\/wp\/v2\/media?parent=4641"}],"wp:term":[{"taxonomy":"product_cat","embeddable":true,"href":"https:\/\/argjendariadardani.com\/index.php\/wp-json\/wp\/v2\/product_cat?post=4641"},{"taxonomy":"product_tag","embeddable":true,"href":"https:\/\/argjendariadardani.com\/index.php\/wp-json\/wp\/v2\/product_tag?post=4641"}],"curies":[{"name":"wp","href":"https:\/\/api.w.org\/{rel}","templated":true}]}}