{"id":4513,"date":"2024-10-09T20:24:45","date_gmt":"2024-10-09T20:24:45","guid":{"rendered":"https:\/\/argjendariadardani.com\/?post_type=product&#038;p=4513"},"modified":"2024-10-09T20:24:46","modified_gmt":"2024-10-09T20:24:46","slug":"varse-argjendi","status":"publish","type":"product","link":"https:\/\/argjendariadardani.com\/index.php\/product\/varse-argjendi\/","title":{"rendered":"VARSE ARGJENDI"},"content":{"rendered":"<p>Argjend 925<br \/>\nGravimin e varses e sh\u00ebnoni n\u00eb koment para se t\u00eb b\u00ebni porosin.<\/p>\n","protected":false},"excerpt":{"rendered":"<p>Argjend 925 Gravimin e varses e sh\u00ebnoni n\u00eb koment para se t\u00eb b\u00ebni porosin.<\/p>\n","protected":false},"featured_media":4449,"template":"","meta":[],"product_cat":[88,89,32,93],"product_tag":[],"_links":{"self":[{"href":"https:\/\/argjendariadardani.com\/index.php\/wp-json\/wp\/v2\/product\/4513"}],"collection":[{"href":"https:\/\/argjendariadardani.com\/index.php\/wp-json\/wp\/v2\/product"}],"about":[{"href":"https:\/\/argjendariadardani.com\/index.php\/wp-json\/wp\/v2\/types\/product"}],"version-history":[{"count":1,"href":"https:\/\/argjendariadardani.com\/index.php\/wp-json\/wp\/v2\/product\/4513\/revisions"}],"predecessor-version":[{"id":4514,"href":"https:\/\/argjendariadardani.com\/index.php\/wp-json\/wp\/v2\/product\/4513\/revisions\/4514"}],"wp:featuredmedia":[{"embeddable":true,"href":"https:\/\/argjendariadardani.com\/index.php\/wp-json\/wp\/v2\/media\/4449"}],"wp:attachment":[{"href":"https:\/\/argjendariadardani.com\/index.php\/wp-json\/wp\/v2\/media?parent=4513"}],"wp:term":[{"taxonomy":"product_cat","embeddable":true,"href":"https:\/\/argjendariadardani.com\/index.php\/wp-json\/wp\/v2\/product_cat?post=4513"},{"taxonomy":"product_tag","embeddable":true,"href":"https:\/\/argjendariadardani.com\/index.php\/wp-json\/wp\/v2\/product_tag?post=4513"}],"curies":[{"name":"wp","href":"https:\/\/api.w.org\/{rel}","templated":true}]}}