{"id":4499,"date":"2024-10-09T19:31:49","date_gmt":"2024-10-09T19:31:49","guid":{"rendered":"https:\/\/argjendariadardani.com\/?post_type=product&#038;p=4499"},"modified":"2024-10-09T19:31:49","modified_gmt":"2024-10-09T19:31:49","slug":"4-byzylyk-ingold","status":"publish","type":"product","link":"https:\/\/argjendariadardani.com\/index.php\/product\/4-byzylyk-ingold\/","title":{"rendered":"4 BYZYLYK INGOLD"},"content":{"rendered":"<p>Argjend 925<\/p>\n<p>*N\u00eb \u00e7mim perfshihen 4 cop\u00eb<\/p>\n","protected":false},"excerpt":{"rendered":"<p>Argjend 925 *N\u00eb \u00e7mim perfshihen 4 cop\u00eb<\/p>\n","protected":false},"featured_media":4443,"template":"","meta":[],"product_cat":[88,91,99,89,90],"product_tag":[],"_links":{"self":[{"href":"https:\/\/argjendariadardani.com\/index.php\/wp-json\/wp\/v2\/product\/4499"}],"collection":[{"href":"https:\/\/argjendariadardani.com\/index.php\/wp-json\/wp\/v2\/product"}],"about":[{"href":"https:\/\/argjendariadardani.com\/index.php\/wp-json\/wp\/v2\/types\/product"}],"version-history":[{"count":1,"href":"https:\/\/argjendariadardani.com\/index.php\/wp-json\/wp\/v2\/product\/4499\/revisions"}],"predecessor-version":[{"id":4500,"href":"https:\/\/argjendariadardani.com\/index.php\/wp-json\/wp\/v2\/product\/4499\/revisions\/4500"}],"wp:featuredmedia":[{"embeddable":true,"href":"https:\/\/argjendariadardani.com\/index.php\/wp-json\/wp\/v2\/media\/4443"}],"wp:attachment":[{"href":"https:\/\/argjendariadardani.com\/index.php\/wp-json\/wp\/v2\/media?parent=4499"}],"wp:term":[{"taxonomy":"product_cat","embeddable":true,"href":"https:\/\/argjendariadardani.com\/index.php\/wp-json\/wp\/v2\/product_cat?post=4499"},{"taxonomy":"product_tag","embeddable":true,"href":"https:\/\/argjendariadardani.com\/index.php\/wp-json\/wp\/v2\/product_tag?post=4499"}],"curies":[{"name":"wp","href":"https:\/\/api.w.org\/{rel}","templated":true}]}}