{"id":4219,"date":"2024-10-02T19:20:33","date_gmt":"2024-10-02T19:20:33","guid":{"rendered":"https:\/\/argjendariadardani.com\/?post_type=product&#038;p=4219"},"modified":"2024-10-02T19:21:49","modified_gmt":"2024-10-02T19:21:49","slug":"unaze-ari-24","status":"publish","type":"product","link":"https:\/\/argjendariadardani.com\/index.php\/product\/unaze-ari-24\/","title":{"rendered":"UNAZ\u00cb ARI"},"content":{"rendered":"<p>Ari 14 Karat 585<br \/>\nMas\u00ebn e unaz\u00ebs e sh\u00ebnoni n\u00eb koment para se t\u00eb p\u00ebrfundoni porosin.<\/p>\n","protected":false},"excerpt":{"rendered":"<p>Ari 14 Karat 585 Mas\u00ebn e unaz\u00ebs e sh\u00ebnoni n\u00eb koment para se t\u00eb p\u00ebrfundoni porosin.<\/p>\n","protected":false},"featured_media":4168,"template":"","meta":[],"product_cat":[87,70,28,74],"product_tag":[],"_links":{"self":[{"href":"https:\/\/argjendariadardani.com\/index.php\/wp-json\/wp\/v2\/product\/4219"}],"collection":[{"href":"https:\/\/argjendariadardani.com\/index.php\/wp-json\/wp\/v2\/product"}],"about":[{"href":"https:\/\/argjendariadardani.com\/index.php\/wp-json\/wp\/v2\/types\/product"}],"version-history":[{"count":1,"href":"https:\/\/argjendariadardani.com\/index.php\/wp-json\/wp\/v2\/product\/4219\/revisions"}],"predecessor-version":[{"id":4220,"href":"https:\/\/argjendariadardani.com\/index.php\/wp-json\/wp\/v2\/product\/4219\/revisions\/4220"}],"wp:featuredmedia":[{"embeddable":true,"href":"https:\/\/argjendariadardani.com\/index.php\/wp-json\/wp\/v2\/media\/4168"}],"wp:attachment":[{"href":"https:\/\/argjendariadardani.com\/index.php\/wp-json\/wp\/v2\/media?parent=4219"}],"wp:term":[{"taxonomy":"product_cat","embeddable":true,"href":"https:\/\/argjendariadardani.com\/index.php\/wp-json\/wp\/v2\/product_cat?post=4219"},{"taxonomy":"product_tag","embeddable":true,"href":"https:\/\/argjendariadardani.com\/index.php\/wp-json\/wp\/v2\/product_tag?post=4219"}],"curies":[{"name":"wp","href":"https:\/\/api.w.org\/{rel}","templated":true}]}}