{"id":4010,"date":"2024-09-30T23:09:37","date_gmt":"2024-09-30T23:09:37","guid":{"rendered":"https:\/\/argjendariadardani.com\/?post_type=product&#038;p=4010"},"modified":"2024-09-30T23:09:37","modified_gmt":"2024-09-30T23:09:37","slug":"byzylyk-ari","status":"publish","type":"product","link":"https:\/\/argjendariadardani.com\/index.php\/product\/byzylyk-ari\/","title":{"rendered":"BYZYLYK ARI"},"content":{"rendered":"<p>Ari 14 Karat 585<br \/>\nGravimin e byzylykut e sh\u00ebnoni n\u00eb koment para se t\u00eb b\u00ebni porosin.<\/p>\n","protected":false},"excerpt":{"rendered":"<p>Ari 14 Karat 585 Gravimin e byzylykut e sh\u00ebnoni n\u00eb koment para se t\u00eb b\u00ebni porosin.<\/p>\n","protected":false},"featured_media":4011,"template":"","meta":[],"product_cat":[87,61,75,70],"product_tag":[],"_links":{"self":[{"href":"https:\/\/argjendariadardani.com\/index.php\/wp-json\/wp\/v2\/product\/4010"}],"collection":[{"href":"https:\/\/argjendariadardani.com\/index.php\/wp-json\/wp\/v2\/product"}],"about":[{"href":"https:\/\/argjendariadardani.com\/index.php\/wp-json\/wp\/v2\/types\/product"}],"version-history":[{"count":1,"href":"https:\/\/argjendariadardani.com\/index.php\/wp-json\/wp\/v2\/product\/4010\/revisions"}],"predecessor-version":[{"id":4012,"href":"https:\/\/argjendariadardani.com\/index.php\/wp-json\/wp\/v2\/product\/4010\/revisions\/4012"}],"wp:featuredmedia":[{"embeddable":true,"href":"https:\/\/argjendariadardani.com\/index.php\/wp-json\/wp\/v2\/media\/4011"}],"wp:attachment":[{"href":"https:\/\/argjendariadardani.com\/index.php\/wp-json\/wp\/v2\/media?parent=4010"}],"wp:term":[{"taxonomy":"product_cat","embeddable":true,"href":"https:\/\/argjendariadardani.com\/index.php\/wp-json\/wp\/v2\/product_cat?post=4010"},{"taxonomy":"product_tag","embeddable":true,"href":"https:\/\/argjendariadardani.com\/index.php\/wp-json\/wp\/v2\/product_tag?post=4010"}],"curies":[{"name":"wp","href":"https:\/\/api.w.org\/{rel}","templated":true}]}}