{"id":3987,"date":"2024-09-28T17:40:00","date_gmt":"2024-09-28T17:40:00","guid":{"rendered":"https:\/\/argjendariadardani.com\/?post_type=product&#038;p=3987"},"modified":"2024-09-28T17:40:00","modified_gmt":"2024-09-28T17:40:00","slug":"varse-ari-e-personalizuar","status":"publish","type":"product","link":"https:\/\/argjendariadardani.com\/index.php\/product\/varse-ari-e-personalizuar\/","title":{"rendered":"Varse Ari e Personalizuar"},"content":{"rendered":"<p class=\"p1\"><span class=\"s1\">Ari 14 Karat 585<\/span><\/p>\n<p class=\"p1\"><span class=\"s1\">Gravimin e varses e sh\u00ebnoni n\u00eb koment para se t\u00eb b\u00ebni porosin.<\/span><\/p>\n","protected":false},"excerpt":{"rendered":"<p>Ari 14 Karat 585 Gravimin e varses e sh\u00ebnoni n\u00eb koment para se t\u00eb b\u00ebni porosin.<\/p>\n","protected":false},"featured_media":3988,"template":"","meta":[],"product_cat":[87,70,32,76],"product_tag":[],"_links":{"self":[{"href":"https:\/\/argjendariadardani.com\/index.php\/wp-json\/wp\/v2\/product\/3987"}],"collection":[{"href":"https:\/\/argjendariadardani.com\/index.php\/wp-json\/wp\/v2\/product"}],"about":[{"href":"https:\/\/argjendariadardani.com\/index.php\/wp-json\/wp\/v2\/types\/product"}],"version-history":[{"count":1,"href":"https:\/\/argjendariadardani.com\/index.php\/wp-json\/wp\/v2\/product\/3987\/revisions"}],"predecessor-version":[{"id":3989,"href":"https:\/\/argjendariadardani.com\/index.php\/wp-json\/wp\/v2\/product\/3987\/revisions\/3989"}],"wp:featuredmedia":[{"embeddable":true,"href":"https:\/\/argjendariadardani.com\/index.php\/wp-json\/wp\/v2\/media\/3988"}],"wp:attachment":[{"href":"https:\/\/argjendariadardani.com\/index.php\/wp-json\/wp\/v2\/media?parent=3987"}],"wp:term":[{"taxonomy":"product_cat","embeddable":true,"href":"https:\/\/argjendariadardani.com\/index.php\/wp-json\/wp\/v2\/product_cat?post=3987"},{"taxonomy":"product_tag","embeddable":true,"href":"https:\/\/argjendariadardani.com\/index.php\/wp-json\/wp\/v2\/product_tag?post=3987"}],"curies":[{"name":"wp","href":"https:\/\/api.w.org\/{rel}","templated":true}]}}