{"id":3978,"date":"2024-09-28T17:35:03","date_gmt":"2024-09-28T17:35:03","guid":{"rendered":"https:\/\/argjendariadardani.com\/?post_type=product&#038;p=3978"},"modified":"2024-09-28T17:35:03","modified_gmt":"2024-09-28T17:35:03","slug":"unaze-ari-rolex-5","status":"publish","type":"product","link":"https:\/\/argjendariadardani.com\/index.php\/product\/unaze-ari-rolex-5\/","title":{"rendered":"Unaz\u00eb Ari Rolex"},"content":{"rendered":"<p class=\"p1\"><span class=\"s1\">Ari 14 Karat 585<\/span><\/p>\n<p class=\"p1\"><span class=\"s1\">Mas\u00ebn e unaz\u00ebs e sh\u00ebnoni n\u00eb koment para se t\u00eb p\u00ebrfundoni porosin.<\/span><\/p>\n","protected":false},"excerpt":{"rendered":"<p>Ari 14 Karat 585 Mas\u00ebn e unaz\u00ebs e sh\u00ebnoni n\u00eb koment para se t\u00eb p\u00ebrfundoni porosin.<\/p>\n","protected":false},"featured_media":3979,"template":"","meta":[],"product_cat":[87,70,28,74],"product_tag":[],"_links":{"self":[{"href":"https:\/\/argjendariadardani.com\/index.php\/wp-json\/wp\/v2\/product\/3978"}],"collection":[{"href":"https:\/\/argjendariadardani.com\/index.php\/wp-json\/wp\/v2\/product"}],"about":[{"href":"https:\/\/argjendariadardani.com\/index.php\/wp-json\/wp\/v2\/types\/product"}],"version-history":[{"count":1,"href":"https:\/\/argjendariadardani.com\/index.php\/wp-json\/wp\/v2\/product\/3978\/revisions"}],"predecessor-version":[{"id":3980,"href":"https:\/\/argjendariadardani.com\/index.php\/wp-json\/wp\/v2\/product\/3978\/revisions\/3980"}],"wp:featuredmedia":[{"embeddable":true,"href":"https:\/\/argjendariadardani.com\/index.php\/wp-json\/wp\/v2\/media\/3979"}],"wp:attachment":[{"href":"https:\/\/argjendariadardani.com\/index.php\/wp-json\/wp\/v2\/media?parent=3978"}],"wp:term":[{"taxonomy":"product_cat","embeddable":true,"href":"https:\/\/argjendariadardani.com\/index.php\/wp-json\/wp\/v2\/product_cat?post=3978"},{"taxonomy":"product_tag","embeddable":true,"href":"https:\/\/argjendariadardani.com\/index.php\/wp-json\/wp\/v2\/product_tag?post=3978"}],"curies":[{"name":"wp","href":"https:\/\/api.w.org\/{rel}","templated":true}]}}