{"id":3968,"date":"2024-09-28T17:31:00","date_gmt":"2024-09-28T17:31:00","guid":{"rendered":"https:\/\/argjendariadardani.com\/?post_type=product&#038;p=3968"},"modified":"2024-09-28T17:31:00","modified_gmt":"2024-09-28T17:31:00","slug":"unaze-me-cerek-lire-ari-14-karat","status":"publish","type":"product","link":"https:\/\/argjendariadardani.com\/index.php\/product\/unaze-me-cerek-lire-ari-14-karat\/","title":{"rendered":"Unaz\u00eb me \u00c7erek Lir\u00eb Ari 14 Karat"},"content":{"rendered":"<p>Ari 14 Karat 585<\/p>\n<p class=\"p1\"><span class=\"s1\">Mas\u00ebn e unaz\u00ebs e sh\u00ebnoni n\u00eb koment para se t\u00eb p\u00ebrfundoni porosin.<\/span><\/p>\n","protected":false},"excerpt":{"rendered":"<p>Ari 14 Karat 585 Mas\u00ebn e unaz\u00ebs e sh\u00ebnoni n\u00eb koment para se t\u00eb p\u00ebrfundoni porosin.<\/p>\n","protected":false},"featured_media":3969,"template":"","meta":[],"product_cat":[87,70,60,34,28,74],"product_tag":[],"_links":{"self":[{"href":"https:\/\/argjendariadardani.com\/index.php\/wp-json\/wp\/v2\/product\/3968"}],"collection":[{"href":"https:\/\/argjendariadardani.com\/index.php\/wp-json\/wp\/v2\/product"}],"about":[{"href":"https:\/\/argjendariadardani.com\/index.php\/wp-json\/wp\/v2\/types\/product"}],"version-history":[{"count":1,"href":"https:\/\/argjendariadardani.com\/index.php\/wp-json\/wp\/v2\/product\/3968\/revisions"}],"predecessor-version":[{"id":3970,"href":"https:\/\/argjendariadardani.com\/index.php\/wp-json\/wp\/v2\/product\/3968\/revisions\/3970"}],"wp:featuredmedia":[{"embeddable":true,"href":"https:\/\/argjendariadardani.com\/index.php\/wp-json\/wp\/v2\/media\/3969"}],"wp:attachment":[{"href":"https:\/\/argjendariadardani.com\/index.php\/wp-json\/wp\/v2\/media?parent=3968"}],"wp:term":[{"taxonomy":"product_cat","embeddable":true,"href":"https:\/\/argjendariadardani.com\/index.php\/wp-json\/wp\/v2\/product_cat?post=3968"},{"taxonomy":"product_tag","embeddable":true,"href":"https:\/\/argjendariadardani.com\/index.php\/wp-json\/wp\/v2\/product_tag?post=3968"}],"curies":[{"name":"wp","href":"https:\/\/api.w.org\/{rel}","templated":true}]}}