{"id":3946,"date":"2024-09-28T17:01:33","date_gmt":"2024-09-28T17:01:33","guid":{"rendered":"https:\/\/argjendariadardani.com\/?post_type=product&#038;p=3946"},"modified":"2024-09-28T17:11:26","modified_gmt":"2024-09-28T17:11:26","slug":"unaze-ari-cuban-3","status":"publish","type":"product","link":"https:\/\/argjendariadardani.com\/index.php\/product\/unaze-ari-cuban-3\/","title":{"rendered":"Unaz\u00eb Ari Cuban"},"content":{"rendered":"<p>Ari 14 Karat<\/p>\n<p>Mas\u00ebn e unaz\u00ebs e sh\u00ebnoni n\u00eb koment para se t\u00eb p\u00ebrfundoni porosin.<\/p>\n","protected":false},"excerpt":{"rendered":"<p>Ari 14 Karat Mas\u00ebn e unaz\u00ebs e sh\u00ebnoni n\u00eb koment para se t\u00eb p\u00ebrfundoni porosin.<\/p>\n","protected":false},"featured_media":3949,"template":"","meta":[],"product_cat":[87,70,28,74],"product_tag":[],"_links":{"self":[{"href":"https:\/\/argjendariadardani.com\/index.php\/wp-json\/wp\/v2\/product\/3946"}],"collection":[{"href":"https:\/\/argjendariadardani.com\/index.php\/wp-json\/wp\/v2\/product"}],"about":[{"href":"https:\/\/argjendariadardani.com\/index.php\/wp-json\/wp\/v2\/types\/product"}],"version-history":[{"count":1,"href":"https:\/\/argjendariadardani.com\/index.php\/wp-json\/wp\/v2\/product\/3946\/revisions"}],"predecessor-version":[{"id":3947,"href":"https:\/\/argjendariadardani.com\/index.php\/wp-json\/wp\/v2\/product\/3946\/revisions\/3947"}],"wp:featuredmedia":[{"embeddable":true,"href":"https:\/\/argjendariadardani.com\/index.php\/wp-json\/wp\/v2\/media\/3949"}],"wp:attachment":[{"href":"https:\/\/argjendariadardani.com\/index.php\/wp-json\/wp\/v2\/media?parent=3946"}],"wp:term":[{"taxonomy":"product_cat","embeddable":true,"href":"https:\/\/argjendariadardani.com\/index.php\/wp-json\/wp\/v2\/product_cat?post=3946"},{"taxonomy":"product_tag","embeddable":true,"href":"https:\/\/argjendariadardani.com\/index.php\/wp-json\/wp\/v2\/product_tag?post=3946"}],"curies":[{"name":"wp","href":"https:\/\/api.w.org\/{rel}","templated":true}]}}